{"id":25266,"date":"2024-07-17T15:15:45","date_gmt":"2024-07-17T13:15:45","guid":{"rendered":"https:\/\/blossom.it\/?page_id=25266"},"modified":"2024-07-17T15:29:37","modified_gmt":"2024-07-17T13:29:37","slug":"informativa-relativa-al-trattamento-dati-personali","status":"publish","type":"page","link":"https:\/\/blossom.it\/it\/informativa-relativa-al-trattamento-dati-personali\/","title":{"rendered":"Informativa relativa al trattamento  <br>dei dati personali \u201cLinkedIn\u201d"},"content":{"rendered":"<p><strong>AI SENSI DELL\u2019ART. 13 E\/O 14 DEL REGOLAMENTO (UE) 2016\/679 (\u201cGDPR\u201d)<\/strong><\/p>\n<p>Titolare del trattamento e Responsabile della protezione dei dati<\/p>\n<p>Il Titolare del trattamento dei dati \u00e8 Blossom S.r.l., Via Milano 8, 20831 Seregno (MB), e-mail: <a href=\"mailto:privacy@blossom.it\">privacy@blossom.it<\/a> (in seguito la \u201cSociet\u00e0\u201d o il \u201cTitolare\u201d).<\/p>\n<p>Il Titolare ha nominato il Responsabile della Protezione dei Dati (\u201cDPO\u201d) che \u00e8 raggiungibile all\u2019indirizzo e-mail <a href=\"mailto:dpo@blossom.it\">dpo@blossom.it<\/a>.<\/p>\n<h3>Categorie di dati personali trattati<\/h3>\n<p>La Societ\u00e0 tratter\u00e0 dati cd. comuni, quali il Suo nome, cognome, indirizzo di posta elettronica e contatti telefonici ed ogni altro dato disponibile in seguito alla condivisione di informazioni effettuata tramite il social network professionale \u201cLinkedIn\u201d, nel curriculum vitae, nel portfolio, nelle lettere di presentazione, nel messaggio di testo che accompagna la candidatura, ecc. Tali dati saranno di seguito indicati come \u201cDati\u201d.<\/p>\n<h3>Fonte dei Dati<\/h3>\n<p>I Dati sono raccolti presso l\u2019interessato (quindi da Lei direttamente forniti) e\/o presso terzi, quali societ\u00e0 di recruiting, agenzie interinali, social network professionali.<\/p>\n<h3>Finalit\u00e0 del trattamento, base giuridica del trattamento e periodo di conservazione dei Dati<\/h3>\n<p>1. Per lo svolgimento delle attivit\u00e0 di ricerca e selezione dei candidati.<br \/>\nEsecuzione di misure precontrattuali adottate su richiesta dell\u2019interessato, ai sensi dell\u2019art. 6.1 lett. b) del GDPR.<br \/>\nPer quanto riguarda le categorie particolari di dati, necessit\u00e0 di assolvere gli obblighi ed esercitare i diritti specifici del titolare del trattamento o dell&#8217;interessato in materia di diritto del lavoro e della sicurezza sociale e protezione sociale, nella misura in cui sia autorizzato dal diritto dell&#8217;Unione o degli Stati membri o da un contratto collettivo ai sensi del diritto degli Stati membri, in presenza di garanzie appropriate per i diritti fondamentali e gli interessi dell&#8217;interessato (art. 9.2 lett. b) del GDPR).<br \/>\nPer tutta la durata dell\u2019attivit\u00e0 di selezione rispetto alla singola selezione ed i successivi 24 mesi.<\/p>\n<p>2. Per verificare che i Dati corrispondano al vero avvalendosi di informazioni pubbliche (ivi inclusi i profili di social network professionali). Il trattamento \u00e8 limitato alle sole informazioni connesse all\u2019attitudine ed al profilo professionale effettuato nella modalit\u00e0 meno intrusiva possibile, adottando ogni necessaria misura per garantire un corretto bilanciamento tra il legittimo interesse del datore a controllare l\u2019interessato e i diritti e le libert\u00e0 fondamentali di quest\u2019ultimi.<br \/>\nLegittimo interesse (art.6.1, lett. f) del GDPR).<br \/>\nPer tutta la durata dell\u2019attivit\u00e0 di selezione rispetto alla singola selezione.<\/p>\n<p>3. Se necessario, per dimostrare il rispetto della compliance della Societ\u00e0 e per accertare, esercitare e\/o difendere i diritti della Societ\u00e0 in sede giudiziaria.<br \/>\nI Dati Comuni saranno trattati per legittimo interesse del Titolare (art. 6.1 lett. f) del GDPR). Le Categorie Particolari di Dati saranno trattate per accertare, esercitare o difendere un diritto in sede giudiziaria (art.9.2, lett. f) del GDPR).<br \/>\nPer finalit\u00e0 di compliance per un massimo di 2 anni. Per tutta la durata del contenzioso, fino all\u2019esaurimento dei termini di esperibilit\u00e0 delle azioni di impugnazione.<\/p>\n<p>Decorsi i termini di conservazione sopra indicati, i Dati saranno distrutti o resi anonimi, compatibilmente con le procedure tecniche di cancellazione e backup.<\/p>\n<h3>Conferimento dei Dati<\/h3>\n<p>Il conferimento dei Dati di cui alle finalit\u00e0 da 1 a 3 succitate \u00e8 necessario per l\u2019attivit\u00e0 di ricerca e selezione; pertanto, l\u2019eventuale rifiuto a fornirli non consente di svolgere tale attivit\u00e0 e di prendere in considerazione la Sua candidatura.<\/p>\n<p>Il conferimento dei dati di cui alla finalit\u00e0 4 succitata \u00e8 facoltativo per la ricezione delle comunicazioni da parte del Titolare.<\/p>\n<h3>Trattamento automatizzato di Dati<\/h3>\n<p>Il Titolare La informa che nell\u2019ambito del processo di selezione non vengono utilizzati processi automatizzati ed algoritmi (tipicamente fattori di calcolo matematici e processi statistici).<\/p>\n<h3>Destinatari dei Dati<\/h3>\n<p>I Dati potranno essere comunicati a soggetti operanti in qualit\u00e0 di titolari autonomi, quali autorit\u00e0 pubbliche o studi professionali, oppure trattati, per conto della Societ\u00e0, da soggetti che erogano servizi funzionali al perseguimento delle finalit\u00e0 di cui sopra (es. servizi IT o di selezione del personale), designati responsabili del trattamento ex art. 28 del GDPR.<\/p>\n<p>Inoltre, i Dati sono trattati dai dipendenti della Societ\u00e0 appartenenti alle funzioni aziendali deputate al perseguimento delle finalit\u00e0 sopra indicate, che sono stati espressamente autorizzati al trattamento e che hanno ricevuto adeguate istruzioni operative.<\/p>\n<h3>Trasferimento dei Dati al di fuori dell\u2019Unione Europea<\/h3>\n<p>I Dati non saranno trasferiti a soggetti stabiliti in paesi terzi, ossia al di fuori dell\u2019Unione Europea e dello Spazio Economico Europeo.<\/p>\n<h3>Diritti degli interessati<\/h3>\n<p>Contattando il Titolare via e-mail all\u2019indirizzo <a href=\"mailto:privacy@blossom.it\">privacy@blossom.it<\/a>, gli interessati possono esercitare i diritti riconosciuti dagli artt. 15-22 del GDPR, ed in particolare, possono chiedere al Titolare l\u2019accesso ai dati che li riguardano, la loro rettifica, l\u2019integrazione o la loro cancellazione, nonch\u00e9, la limitazione del trattamento nei casi previsti dall\u2019art. 18 del GDPR.<\/p>\n<p>Gli interessati, inoltre, nel caso in cui il trattamento sia basato sul consenso o sul contratto e sia effettuato con strumenti automatizzati hanno il diritto di ricevere in un formato strutturato, di uso comune e leggibile da dispositivo automatico i dati, nonch\u00e9, se tecnicamente fattibile, di trasmetterli ad altro titolare senza impedimenti.<\/p>\n<p>Gli interessati hanno il diritto di revocare il consenso prestato in qualsiasi momento.<\/p>\n<p>L\u2019 interessato ha il diritto di opporsi in ogni momento, in maniera agevole e gratuita, per motivi connessi alla situazione particolare, al trattamento dei Dati nelle ipotesi di legittimo interesse del Titolare.<\/p>\n<p>Gli interessati hanno il diritto di proporre reclamo all&#8217;autorit\u00e0 di controllo competente nello Stato membro in cui risiedono abitualmente o lavorano o dello Stato in cui si \u00e8 verificata la presunta violazione.<\/p>\n","protected":false},"excerpt":{"rendered":"<p>AI SENSI DELL\u2019ART. 13 E\/O 14 DEL REGOLAMENTO (UE) 2016\/679 (\u201cGDPR\u201d) Titolare del trattamento e Responsabile della protezione dei dati Il Titolare del trattamento dei dati \u00e8 Blossom S.r.l., Via Milano 8, 20831 Seregno (MB), e-mail: privacy@blossom.it (in seguito la \u201cSociet\u00e0\u201d o il \u201cTitolare\u201d). Il Titolare ha nominato il Responsabile della Protezione dei Dati (\u201cDPO\u201d) [&hellip;]<\/p>\n","protected":false},"author":1,"featured_media":0,"parent":0,"menu_order":0,"comment_status":"closed","ping_status":"closed","template":"template-text-page.php","meta":{"_acf_changed":false,"inline_featured_image":false,"footnotes":""},"sector":[],"client":[],"type_of_work":[],"class_list":["post-25266","page","type-page","status-publish","hentry"],"acf":[],"yoast_head":"<!-- This site is optimized with the Yoast SEO plugin v22.6 - https:\/\/yoast.com\/wordpress\/plugins\/seo\/ -->\n<title>Informativa relativa al trattamento dei dati personali \u201cLinkedIn\u201d - Blossom<\/title>\n<meta name=\"robots\" content=\"index, follow, max-snippet:-1, max-image-preview:large, max-video-preview:-1\" \/>\n<link rel=\"canonical\" href=\"https:\/\/blossom.it\/informativa-relativa-al-trattamento-dati-personali\/\" \/>\n<meta property=\"og:locale\" content=\"it_IT\" \/>\n<meta property=\"og:type\" content=\"article\" \/>\n<meta property=\"og:title\" content=\"Informativa relativa al trattamento dei dati personali \u201cLinkedIn\u201d - Blossom\" \/>\n<meta property=\"og:description\" content=\"AI SENSI DELL\u2019ART. 13 E\/O 14 DEL REGOLAMENTO (UE) 2016\/679 (\u201cGDPR\u201d) Titolare del trattamento e Responsabile della protezione dei dati Il Titolare del trattamento dei dati \u00e8 Blossom S.r.l., Via Milano 8, 20831 Seregno (MB), e-mail: privacy@blossom.it (in seguito la \u201cSociet\u00e0\u201d o il \u201cTitolare\u201d). Il Titolare ha nominato il Responsabile della Protezione dei Dati (\u201cDPO\u201d) [&hellip;]\" \/>\n<meta property=\"og:url\" content=\"https:\/\/blossom.it\/informativa-relativa-al-trattamento-dati-personali\/\" \/>\n<meta property=\"og:site_name\" content=\"Blossom\" \/>\n<meta property=\"article:modified_time\" content=\"2024-07-17T13:29:37+00:00\" \/>\n<meta property=\"og:image\" content=\"https:\/\/blossom.it\/wp-content\/uploads\/2024\/10\/Blossom-TP-Corporate-Presentation\u2013LOCALE.001.jpeg\" \/>\n\t<meta property=\"og:image:width\" content=\"1920\" \/>\n\t<meta property=\"og:image:height\" content=\"1080\" \/>\n\t<meta property=\"og:image:type\" content=\"image\/jpeg\" \/>\n<meta name=\"twitter:card\" content=\"summary_large_image\" \/>\n<meta name=\"twitter:label1\" content=\"Tempo di lettura stimato\" \/>\n\t<meta name=\"twitter:data1\" content=\"4 minuti\" \/>\n<script type=\"application\/ld+json\" class=\"yoast-schema-graph\">{\"@context\":\"https:\/\/schema.org\",\"@graph\":[{\"@type\":\"WebPage\",\"@id\":\"https:\/\/blossom.it\/informativa-relativa-al-trattamento-dati-personali\/\",\"url\":\"https:\/\/blossom.it\/informativa-relativa-al-trattamento-dati-personali\/\",\"name\":\"Informativa relativa al trattamento dei dati personali \u201cLinkedIn\u201d - Blossom\",\"isPartOf\":{\"@id\":\"https:\/\/blossom.it\/#website\"},\"datePublished\":\"2024-07-17T13:15:45+00:00\",\"dateModified\":\"2024-07-17T13:29:37+00:00\",\"breadcrumb\":{\"@id\":\"https:\/\/blossom.it\/informativa-relativa-al-trattamento-dati-personali\/#breadcrumb\"},\"inLanguage\":\"it-IT\",\"potentialAction\":[{\"@type\":\"ReadAction\",\"target\":[\"https:\/\/blossom.it\/informativa-relativa-al-trattamento-dati-personali\/\"]}]},{\"@type\":\"BreadcrumbList\",\"@id\":\"https:\/\/blossom.it\/informativa-relativa-al-trattamento-dati-personali\/#breadcrumb\",\"itemListElement\":[{\"@type\":\"ListItem\",\"position\":1,\"name\":\"Home\",\"item\":\"https:\/\/blossom.it\/it\/\"},{\"@type\":\"ListItem\",\"position\":2,\"name\":\"Informativa relativa al trattamento dei dati personali \u201cLinkedIn\u201d\"}]},{\"@type\":\"WebSite\",\"@id\":\"https:\/\/blossom.it\/#website\",\"url\":\"https:\/\/blossom.it\/\",\"name\":\"Blossom\",\"description\":\"We Fight For Beauty\",\"publisher\":{\"@id\":\"https:\/\/blossom.it\/#organization\"},\"potentialAction\":[{\"@type\":\"SearchAction\",\"target\":{\"@type\":\"EntryPoint\",\"urlTemplate\":\"https:\/\/blossom.it\/?s={search_term_string}\"},\"query-input\":\"required name=search_term_string\"}],\"inLanguage\":\"it-IT\"},{\"@type\":\"Organization\",\"@id\":\"https:\/\/blossom.it\/#organization\",\"name\":\"Blossom\",\"url\":\"https:\/\/blossom.it\/\",\"logo\":{\"@type\":\"ImageObject\",\"inLanguage\":\"it-IT\",\"@id\":\"https:\/\/blossom.it\/#\/schema\/logo\/image\/\",\"url\":\"https:\/\/blossom.it\/wp-content\/uploads\/2024\/10\/Blossom-TP-Corporate-Presentation\u2013LOCALE.001.jpeg\",\"contentUrl\":\"https:\/\/blossom.it\/wp-content\/uploads\/2024\/10\/Blossom-TP-Corporate-Presentation\u2013LOCALE.001.jpeg\",\"width\":1920,\"height\":1080,\"caption\":\"Blossom\"},\"image\":{\"@id\":\"https:\/\/blossom.it\/#\/schema\/logo\/image\/\"}}]}<\/script>\n<!-- \/ Yoast SEO plugin. -->","yoast_head_json":{"title":"Informativa relativa al trattamento dei dati personali \u201cLinkedIn\u201d - Blossom","robots":{"index":"index","follow":"follow","max-snippet":"max-snippet:-1","max-image-preview":"max-image-preview:large","max-video-preview":"max-video-preview:-1"},"canonical":"https:\/\/blossom.it\/informativa-relativa-al-trattamento-dati-personali\/","og_locale":"it_IT","og_type":"article","og_title":"Informativa relativa al trattamento dei dati personali \u201cLinkedIn\u201d - Blossom","og_description":"AI SENSI DELL\u2019ART. 13 E\/O 14 DEL REGOLAMENTO (UE) 2016\/679 (\u201cGDPR\u201d) Titolare del trattamento e Responsabile della protezione dei dati Il Titolare del trattamento dei dati \u00e8 Blossom S.r.l., Via Milano 8, 20831 Seregno (MB), e-mail: privacy@blossom.it (in seguito la \u201cSociet\u00e0\u201d o il \u201cTitolare\u201d). Il Titolare ha nominato il Responsabile della Protezione dei Dati (\u201cDPO\u201d) [&hellip;]","og_url":"https:\/\/blossom.it\/informativa-relativa-al-trattamento-dati-personali\/","og_site_name":"Blossom","article_modified_time":"2024-07-17T13:29:37+00:00","og_image":[{"width":1920,"height":1080,"url":"https:\/\/blossom.it\/wp-content\/uploads\/2024\/10\/Blossom-TP-Corporate-Presentation\u2013LOCALE.001.jpeg","type":"image\/jpeg"}],"twitter_card":"summary_large_image","twitter_misc":{"Tempo di lettura stimato":"4 minuti"},"schema":{"@context":"https:\/\/schema.org","@graph":[{"@type":"WebPage","@id":"https:\/\/blossom.it\/informativa-relativa-al-trattamento-dati-personali\/","url":"https:\/\/blossom.it\/informativa-relativa-al-trattamento-dati-personali\/","name":"Informativa relativa al trattamento dei dati personali \u201cLinkedIn\u201d - Blossom","isPartOf":{"@id":"https:\/\/blossom.it\/#website"},"datePublished":"2024-07-17T13:15:45+00:00","dateModified":"2024-07-17T13:29:37+00:00","breadcrumb":{"@id":"https:\/\/blossom.it\/informativa-relativa-al-trattamento-dati-personali\/#breadcrumb"},"inLanguage":"it-IT","potentialAction":[{"@type":"ReadAction","target":["https:\/\/blossom.it\/informativa-relativa-al-trattamento-dati-personali\/"]}]},{"@type":"BreadcrumbList","@id":"https:\/\/blossom.it\/informativa-relativa-al-trattamento-dati-personali\/#breadcrumb","itemListElement":[{"@type":"ListItem","position":1,"name":"Home","item":"https:\/\/blossom.it\/it\/"},{"@type":"ListItem","position":2,"name":"Informativa relativa al trattamento dei dati personali \u201cLinkedIn\u201d"}]},{"@type":"WebSite","@id":"https:\/\/blossom.it\/#website","url":"https:\/\/blossom.it\/","name":"Blossom","description":"We Fight For Beauty","publisher":{"@id":"https:\/\/blossom.it\/#organization"},"potentialAction":[{"@type":"SearchAction","target":{"@type":"EntryPoint","urlTemplate":"https:\/\/blossom.it\/?s={search_term_string}"},"query-input":"required name=search_term_string"}],"inLanguage":"it-IT"},{"@type":"Organization","@id":"https:\/\/blossom.it\/#organization","name":"Blossom","url":"https:\/\/blossom.it\/","logo":{"@type":"ImageObject","inLanguage":"it-IT","@id":"https:\/\/blossom.it\/#\/schema\/logo\/image\/","url":"https:\/\/blossom.it\/wp-content\/uploads\/2024\/10\/Blossom-TP-Corporate-Presentation\u2013LOCALE.001.jpeg","contentUrl":"https:\/\/blossom.it\/wp-content\/uploads\/2024\/10\/Blossom-TP-Corporate-Presentation\u2013LOCALE.001.jpeg","width":1920,"height":1080,"caption":"Blossom"},"image":{"@id":"https:\/\/blossom.it\/#\/schema\/logo\/image\/"}}]}},"_links":{"self":[{"href":"https:\/\/blossom.it\/it\/wp-json\/wp\/v2\/pages\/25266","targetHints":{"allow":["GET"]}}],"collection":[{"href":"https:\/\/blossom.it\/it\/wp-json\/wp\/v2\/pages"}],"about":[{"href":"https:\/\/blossom.it\/it\/wp-json\/wp\/v2\/types\/page"}],"author":[{"embeddable":true,"href":"https:\/\/blossom.it\/it\/wp-json\/wp\/v2\/users\/1"}],"replies":[{"embeddable":true,"href":"https:\/\/blossom.it\/it\/wp-json\/wp\/v2\/comments?post=25266"}],"version-history":[{"count":19,"href":"https:\/\/blossom.it\/it\/wp-json\/wp\/v2\/pages\/25266\/revisions"}],"predecessor-version":[{"id":25286,"href":"https:\/\/blossom.it\/it\/wp-json\/wp\/v2\/pages\/25266\/revisions\/25286"}],"wp:attachment":[{"href":"https:\/\/blossom.it\/it\/wp-json\/wp\/v2\/media?parent=25266"}],"wp:term":[{"taxonomy":"sector","embeddable":true,"href":"https:\/\/blossom.it\/it\/wp-json\/wp\/v2\/sector?post=25266"},{"taxonomy":"client","embeddable":true,"href":"https:\/\/blossom.it\/it\/wp-json\/wp\/v2\/client?post=25266"},{"taxonomy":"type_of_work","embeddable":true,"href":"https:\/\/blossom.it\/it\/wp-json\/wp\/v2\/type_of_work?post=25266"}],"curies":[{"name":"wp","href":"https:\/\/api.w.org\/{rel}","templated":true}]}}