{"id":18413,"date":"2022-11-10T14:47:50","date_gmt":"2022-11-10T13:47:50","guid":{"rendered":"https:\/\/blossom.it\/?page_id=18413"},"modified":"2025-07-22T09:12:39","modified_gmt":"2025-07-22T07:12:39","slug":"privacy-policy","status":"publish","type":"page","link":"https:\/\/blossom.it\/it\/privacy-policy\/","title":{"rendered":"Privacy Policy"},"content":{"rendered":"<p><span style=\"font-weight: 400;\">Questa informativa si riferisce al trattamento dei dati personali degli utenti del sito web di Blossom. I dati personali sono trattati nel rispetto delle prescrizioni normative previste dal Regolamento UE 2016\/679, dal D.lgs. 101\/2018 e di quanto indicato nella presente informativa.<\/span><\/p>\n<p>&nbsp;<\/p>\n<p><b>1 \u2013 Titolare del trattamento, Contitolari e Responsabile della Protezione dei Dati (DPO)<\/b><\/p>\n<p><span style=\"font-weight: 400;\">Il Titolare del trattamento \u00e8 Blossom S.r.l., Via Forcella 3, Milano (MI), email: privacy@blossom.it. Il Titolare ha nominato un Responsabile della Protezione dei Dati (DPO), contattabile all&#8217;indirizzo e-mail dpo@blossom.it.<\/span><\/p>\n<p>&nbsp;<\/p>\n<p><b>2 \u2013 Informazioni sul trattamento dei dati personali<\/b><\/p>\n<p><span style=\"font-weight: 400;\">Di seguito sono fornite le informazioni sui dati personali raccolti.<\/span><\/p>\n<p><span style=\"font-weight: 400;\">Finalit\u00e0 I \u2013 Navigazione sul sito<\/span><\/p>\n<p><span style=\"font-weight: 400;\">Categorie di dati trattati: dati personali non particolari (incluso l&#8217;indirizzo IP)<\/span><\/p>\n<p><span style=\"font-weight: 400;\">Base giuridica del trattamento: legittimo interesse di Blossom S.r.l. a mantenere la sicurezza del sito web e a garantirne un uso conforme alla legge, prevenendo l&#8217;utilizzo illecito o fraudolento<\/span><\/p>\n<p><span style=\"font-weight: 400;\">Periodo di conservazione: fino a 6 mesi dalla raccolta dei dati personali<\/span><\/p>\n<p>&nbsp;<\/p>\n<p><span style=\"font-weight: 400;\">Finalit\u00e0 II \u2013 Contatto per rispondere a richieste di informazioni o consulenza<\/span><\/p>\n<p><span style=\"font-weight: 400;\">Categorie di dati trattati: dati personali non particolari<\/span><\/p>\n<p><span style=\"font-weight: 400;\">Base giuridica del trattamento: adempimento di specifiche richieste precontrattuali avanzate dall&#8217;utente<\/span><\/p>\n<p><span style=\"font-weight: 400;\">Periodo di conservazione: due anni<\/span><\/p>\n<p>&nbsp;<\/p>\n<p><span style=\"font-weight: 400;\">Finalit\u00e0 III \u2013 Contatto per future iniziative e attivit\u00e0 promozionali di Blossom (marketing)<\/span><\/p>\n<p><span style=\"font-weight: 400;\">Categorie di dati trattati: dati personali non particolari<\/span><\/p>\n<p><span style=\"font-weight: 400;\">Base giuridica del trattamento: consenso liberamente prestato e revocabile in qualsiasi momento da parte dell&#8217;interessato<\/span><\/p>\n<p><span style=\"font-weight: 400;\">Periodo di conservazione: 24 mesi<\/span><\/p>\n<p>&nbsp;<\/p>\n<p><span style=\"font-weight: 400;\">Finalit\u00e0 IV \u2013 Sezione Unisciti a noi\/Carriere<\/span><\/p>\n<p><span style=\"font-weight: 400;\">Categorie di dati trattati: dati personali, inclusi dati appartenenti a categorie particolari<\/span><\/p>\n<p><span style=\"font-weight: 400;\">Base giuridica del trattamento: adempimento della richiesta dell&#8217;interessato e trattamento dei dati per obblighi di legge in materia di diritto del lavoro<\/span><\/p>\n<p><span style=\"font-weight: 400;\">Periodo di conservazione: i CV sono cancellati entro sei mesi dalla ricezione<\/span><\/p>\n<p>&nbsp;<\/p>\n<p>&nbsp;<\/p>\n<p><b>3 \u2013 Social network<\/b><\/p>\n<p><span style=\"font-weight: 400;\">FACEBOOK &amp; INSTAGRAM<\/span><\/p>\n<p><span style=\"font-weight: 400;\">Quando visiti la pagina Blossom su Facebook o Instagram, tali piattaforme raccolgono i dati personali dell&#8217;utente in qualit\u00e0 di Titolari autonomi del trattamento. Informazioni relative alla raccolta dati e all&#8217;ulteriore trattamento da parte di Facebook e Instagram sono disponibili nell&#8217;informativa privacy di Facebook e privacy di Instagram.<\/span><\/p>\n<p><span style=\"font-weight: 400;\">Blossom S.r.l. non ha accesso completo a tali dati raccolti, n\u00e9 ai profili degli utenti, ma pu\u00f2 accedere solo alle informazioni &#8220;pubbliche&#8221; dei profili degli utenti.<\/span><\/p>\n<p><span style=\"font-weight: 400;\">La Societ\u00e0 riceve statistiche anonime basate sul legittimo interesse sull&#8217;utilizzo della propria pagina. Le seguenti informazioni anonime possono essere rese disponibili:<\/span><\/p>\n<p><span style=\"font-weight: 400;\">Follower: il numero di persone che seguono Blossom S.r.l., compresa l&#8217;evoluzione e la crescita in un periodo di tempo definito.<\/span><\/p>\n<p><span style=\"font-weight: 400;\">Copertura: numero di persone che visualizzano un contenuto specifico. Numero di interazioni su un post. Questi dati permettono di capire quali contenuti sono pi\u00f9 rilevanti per la community.<\/span><\/p>\n<p><span style=\"font-weight: 400;\">Performance degli annunci: quante persone hanno visto un annuncio o un articolo o vi hanno interagito<\/span><\/p>\n<p><span style=\"font-weight: 400;\">Dati demografici: et\u00e0 media dei visitatori, genere, luogo di residenza e lingua.<\/span><\/p>\n<p><span style=\"font-weight: 400;\">Queste statistiche vengono utilizzate per migliorare costantemente i contenuti online e rispondere meglio agli interessi dei nostri utenti. Non \u00e8 possibile collegare i dati statistici ai profili dei nostri follower o di altri utenti.<\/span><\/p>\n<p>&nbsp;<\/p>\n<p><span style=\"font-weight: 400;\">LINKEDIN<\/span><\/p>\n<p><span style=\"font-weight: 400;\">Quando si visita la pagina di Blossom S.r.l. su Linkedin, tale piattaforma raccoglie i dati personali dell&#8217;utente in qualit\u00e0 di Titolare autonomo. Informazioni relative alla raccolta dati e all&#8217;ulteriore trattamento da parte di LinkedIn sono disponibili nell&#8217;informativa privacy di LinkedIn.<\/span><\/p>\n<p><span style=\"font-weight: 400;\">Blossom S.r.l. non ha accesso completo a tali dati raccolti, n\u00e9 ai profili degli utenti, ma pu\u00f2 accedere solo alle informazioni &#8220;pubbliche&#8221; dei profili degli utenti.<\/span><\/p>\n<p><span style=\"font-weight: 400;\">La Societ\u00e0 riceve statistiche anonime basate sul legittimo interesse sull&#8217;utilizzo della propria pagina. Potranno essere fornite le seguenti informazioni anonime:<\/span><\/p>\n<p><span style=\"font-weight: 400;\">Follower: numero di persone che seguono Blossom S.r.l., con monitoraggio dell&#8217;andamento e delle variazioni nel tempo.<\/span><\/p>\n<p><span style=\"font-weight: 400;\">Copertura: numero di utenti che visualizzano un determinato contenuto e livello di interazione su ciascun post. Questi dati consentono di individuare i contenuti pi\u00f9 rilevanti per la nostra community.<\/span><\/p>\n<p><span style=\"font-weight: 400;\">Performance delle inserzioni: numero di persone che hanno visualizzato o interagito con un&#8217;inserzione.<\/span><\/p>\n<p><span style=\"font-weight: 400;\">Dati demografici: et\u00e0 media dei visitatori, genere, area di residenza e lingua.<\/span><\/p>\n<p><span style=\"font-weight: 400;\">Queste statistiche sono utilizzate per ottimizzare costantemente i contenuti pubblicati su LinkedIn e allinearli agli interessi dei nostri utenti. Non \u00e8 possibile associare questi dati statistici ai profili individuali dei nostri follower o di altri utenti.<\/span><\/p>\n<p><span style=\"font-weight: 400;\">Se l&#8217;utente si candida tramite LinkedIn per una posizione lavorativa presso Blossom S.r.l., i dati personali dell&#8217;utente saranno trattati secondo la specifica informativa per i candidati pubblicata su questo sito.<\/span><\/p>\n<p>&nbsp;<\/p>\n<p><b>4 \u2013 Comunicazione dei dati personali a terzi e trasferimento dei dati fuori dall&#8217;Unione Europea<\/b><\/p>\n<p><span style=\"font-weight: 400;\">I dati possono essere accessibili solo a soggetti autorizzati dal Titolare ai sensi dell&#8217;art. 29 GDPR.<\/span><\/p>\n<p><span style=\"font-weight: 400;\">Inoltre, possono accedervi soggetti autonomi titolari (<\/span><i><span style=\"font-weight: 400;\">es: autorit\u00e0<\/span><\/i><span style=\"font-weight: 400;\">) o responsabili esterni (<\/span><i><span style=\"font-weight: 400;\">es: fornitori di servizi per la gestione del sito; professionisti e consulenti incaricati dal Titolare<\/span><\/i><span style=\"font-weight: 400;\">) in base all&#8217;art. 28 GDPR.<\/span><\/p>\n<p>&nbsp;<\/p>\n<p><b>5 \u2013 Conferimento dei dati personali e conseguenze del rifiuto<\/b><\/p>\n<p><span style=\"font-weight: 400;\">Il conferimento dei dati da parte dell&#8217;utente per le Finalit\u00e0 I e II \u00e8 obbligatorio; in caso di mancato conferimento, non sar\u00e0 possibile per l&#8217;utente navigare sul sito o accedere alle relative funzioni.<\/span><\/p>\n<p><span style=\"font-weight: 400;\">Il conferimento dei dati da parte dell&#8217;utente per le Finalit\u00e0 III e IV non \u00e8 obbligatorio: il mancato conferimento impedisce all&#8217;utente di accedere ai relativi servizi.<\/span><\/p>\n<p><b>6 \u2013 Diritti dell&#8217;interessato<\/b><\/p>\n<p><span style=\"font-weight: 400;\">L&#8217;interessato pu\u00f2 esercitare in qualsiasi momento i seguenti diritti:<\/span><\/p>\n<ul>\n<li style=\"font-weight: 400;\" aria-level=\"1\"><span style=\"font-weight: 400;\">ottenere la conferma dell&#8217;esistenza o meno di dati personali che lo riguardano e accedere alle relative informazioni (finalit\u00e0 del trattamento, categorie di dati, destinatari, periodo di conservazione, diritto alla rettifica, cancellazione, limitazione, origine dei dati non raccolti presso l&#8217;interessato)<\/span><\/li>\n<li style=\"font-weight: 400;\" aria-level=\"1\"><span style=\"font-weight: 400;\">richiedere la cancellazione o la rettifica dei dati personali inesatti e\/o l&#8217;integrazione di quelli incompleti<\/span><\/li>\n<li style=\"font-weight: 400;\" aria-level=\"1\"><span style=\"font-weight: 400;\">chiedere la limitazione del trattamento nei casi previsti dalla normativa<\/span><\/li>\n<li style=\"font-weight: 400;\" aria-level=\"1\"><span style=\"font-weight: 400;\">ottenere la portabilit\u00e0 dei dati e la loro trasmissione diretta a un altro titolare<\/span><\/li>\n<li style=\"font-weight: 400;\" aria-level=\"1\"><span style=\"font-weight: 400;\">opporsi in qualsiasi momento al trattamento basato sul legittimo interesse del Titolare<\/span><\/li>\n<li style=\"font-weight: 400;\" aria-level=\"1\"><span style=\"font-weight: 400;\">revocare il consenso prestato, quando il trattamento si basa su tale condizione.<\/span><\/li>\n<\/ul>\n<p>&nbsp;<\/p>\n<p><b>7 \u2013 Modalit\u00e0 di esercizio dei diritti e reclami<\/b><\/p>\n<p><span style=\"font-weight: 400;\">L&#8217;interessato pu\u00f2 esercitare i propri diritti in qualsiasi momento contattando il Titolare inviando un e-mail a privacy@blossom.it, senza alcuna formalit\u00e0 o pagamento di costi aggiuntivi. Qualsiasi richiesta ricevuta dal Titolare sar\u00e0 presa in considerazione dopo la verifica dell&#8217;identit\u00e0 del richiedente e nel rispetto dei diritti di terzi. Le richieste saranno soddisfatte il prima possibile e in ogni caso entro trenta giorni, salvo difficolt\u00e0 oggettive di cui sar\u00e0 fornita comunicazione scritta entro il suddetto termine. In caso di insoddisfazione riguardo alle modalit\u00e0 di trattamento o per reclami e chiarimenti, l&#8217;interessato pu\u00f2 scrivere al Titolare, fatto salvo il diritto di ricorrere all&#8217;Autorit\u00e0 Garante per la protezione dei dati personali www.garanteprivacy.it<\/span><\/p>\n","protected":false},"excerpt":{"rendered":"<p>Questa informativa si riferisce al trattamento dei dati personali degli utenti del sito web di Blossom. I dati personali sono trattati nel rispetto delle prescrizioni normative previste dal Regolamento UE 2016\/679, dal D.lgs. 101\/2018 e di quanto indicato nella presente informativa. &nbsp; 1 \u2013 Titolare del trattamento, Contitolari e Responsabile della Protezione dei Dati (DPO) [&hellip;]<\/p>\n","protected":false},"author":1,"featured_media":0,"parent":0,"menu_order":0,"comment_status":"closed","ping_status":"closed","template":"template-text-page.php","meta":{"_acf_changed":false,"inline_featured_image":false,"footnotes":""},"sector":[],"client":[],"type_of_work":[],"class_list":["post-18413","page","type-page","status-publish","hentry"],"acf":[],"yoast_head":"<!-- This site is optimized with the Yoast SEO plugin v22.6 - https:\/\/yoast.com\/wordpress\/plugins\/seo\/ -->\n<title>Privacy Policy - Blossom<\/title>\n<meta name=\"robots\" content=\"index, follow, max-snippet:-1, max-image-preview:large, max-video-preview:-1\" \/>\n<link rel=\"canonical\" href=\"https:\/\/blossom.it\/it\/privacy-policy\/\" \/>\n<meta property=\"og:locale\" content=\"it_IT\" \/>\n<meta property=\"og:type\" content=\"article\" \/>\n<meta property=\"og:title\" content=\"Privacy Policy - Blossom\" \/>\n<meta property=\"og:description\" content=\"Questa informativa si riferisce al trattamento dei dati personali degli utenti del sito web di Blossom. I dati personali sono trattati nel rispetto delle prescrizioni normative previste dal Regolamento UE 2016\/679, dal D.lgs. 101\/2018 e di quanto indicato nella presente informativa. &nbsp; 1 \u2013 Titolare del trattamento, Contitolari e Responsabile della Protezione dei Dati (DPO) [&hellip;]\" \/>\n<meta property=\"og:url\" content=\"https:\/\/blossom.it\/it\/privacy-policy\/\" \/>\n<meta property=\"og:site_name\" content=\"Blossom\" \/>\n<meta property=\"article:modified_time\" content=\"2025-07-22T07:12:39+00:00\" \/>\n<meta property=\"og:image\" content=\"https:\/\/blossom.it\/wp-content\/uploads\/2024\/10\/Blossom-TP-Corporate-Presentation\u2013LOCALE.001.jpeg\" \/>\n\t<meta property=\"og:image:width\" content=\"1920\" \/>\n\t<meta property=\"og:image:height\" content=\"1080\" \/>\n\t<meta property=\"og:image:type\" content=\"image\/jpeg\" \/>\n<meta name=\"twitter:card\" content=\"summary_large_image\" \/>\n<meta name=\"twitter:label1\" content=\"Tempo di lettura stimato\" \/>\n\t<meta name=\"twitter:data1\" content=\"5 minuti\" \/>\n<script type=\"application\/ld+json\" class=\"yoast-schema-graph\">{\"@context\":\"https:\/\/schema.org\",\"@graph\":[{\"@type\":\"WebPage\",\"@id\":\"https:\/\/blossom.it\/it\/privacy-policy\/\",\"url\":\"https:\/\/blossom.it\/it\/privacy-policy\/\",\"name\":\"Privacy Policy - Blossom\",\"isPartOf\":{\"@id\":\"https:\/\/blossom.it\/#website\"},\"datePublished\":\"2022-11-10T13:47:50+00:00\",\"dateModified\":\"2025-07-22T07:12:39+00:00\",\"breadcrumb\":{\"@id\":\"https:\/\/blossom.it\/it\/privacy-policy\/#breadcrumb\"},\"inLanguage\":\"it-IT\",\"potentialAction\":[{\"@type\":\"ReadAction\",\"target\":[\"https:\/\/blossom.it\/it\/privacy-policy\/\"]}]},{\"@type\":\"BreadcrumbList\",\"@id\":\"https:\/\/blossom.it\/it\/privacy-policy\/#breadcrumb\",\"itemListElement\":[{\"@type\":\"ListItem\",\"position\":1,\"name\":\"Home\",\"item\":\"https:\/\/blossom.it\/it\/\"},{\"@type\":\"ListItem\",\"position\":2,\"name\":\"Privacy Policy\"}]},{\"@type\":\"WebSite\",\"@id\":\"https:\/\/blossom.it\/#website\",\"url\":\"https:\/\/blossom.it\/\",\"name\":\"Blossom\",\"description\":\"We Fight For Beauty\",\"publisher\":{\"@id\":\"https:\/\/blossom.it\/#organization\"},\"potentialAction\":[{\"@type\":\"SearchAction\",\"target\":{\"@type\":\"EntryPoint\",\"urlTemplate\":\"https:\/\/blossom.it\/?s={search_term_string}\"},\"query-input\":\"required name=search_term_string\"}],\"inLanguage\":\"it-IT\"},{\"@type\":\"Organization\",\"@id\":\"https:\/\/blossom.it\/#organization\",\"name\":\"Blossom\",\"url\":\"https:\/\/blossom.it\/\",\"logo\":{\"@type\":\"ImageObject\",\"inLanguage\":\"it-IT\",\"@id\":\"https:\/\/blossom.it\/#\/schema\/logo\/image\/\",\"url\":\"https:\/\/blossom.it\/wp-content\/uploads\/2024\/10\/Blossom-TP-Corporate-Presentation\u2013LOCALE.001.jpeg\",\"contentUrl\":\"https:\/\/blossom.it\/wp-content\/uploads\/2024\/10\/Blossom-TP-Corporate-Presentation\u2013LOCALE.001.jpeg\",\"width\":1920,\"height\":1080,\"caption\":\"Blossom\"},\"image\":{\"@id\":\"https:\/\/blossom.it\/#\/schema\/logo\/image\/\"}}]}<\/script>\n<!-- \/ Yoast SEO plugin. -->","yoast_head_json":{"title":"Privacy Policy - Blossom","robots":{"index":"index","follow":"follow","max-snippet":"max-snippet:-1","max-image-preview":"max-image-preview:large","max-video-preview":"max-video-preview:-1"},"canonical":"https:\/\/blossom.it\/it\/privacy-policy\/","og_locale":"it_IT","og_type":"article","og_title":"Privacy Policy - Blossom","og_description":"Questa informativa si riferisce al trattamento dei dati personali degli utenti del sito web di Blossom. I dati personali sono trattati nel rispetto delle prescrizioni normative previste dal Regolamento UE 2016\/679, dal D.lgs. 101\/2018 e di quanto indicato nella presente informativa. &nbsp; 1 \u2013 Titolare del trattamento, Contitolari e Responsabile della Protezione dei Dati (DPO) [&hellip;]","og_url":"https:\/\/blossom.it\/it\/privacy-policy\/","og_site_name":"Blossom","article_modified_time":"2025-07-22T07:12:39+00:00","og_image":[{"width":1920,"height":1080,"url":"https:\/\/blossom.it\/wp-content\/uploads\/2024\/10\/Blossom-TP-Corporate-Presentation\u2013LOCALE.001.jpeg","type":"image\/jpeg"}],"twitter_card":"summary_large_image","twitter_misc":{"Tempo di lettura stimato":"5 minuti"},"schema":{"@context":"https:\/\/schema.org","@graph":[{"@type":"WebPage","@id":"https:\/\/blossom.it\/it\/privacy-policy\/","url":"https:\/\/blossom.it\/it\/privacy-policy\/","name":"Privacy Policy - Blossom","isPartOf":{"@id":"https:\/\/blossom.it\/#website"},"datePublished":"2022-11-10T13:47:50+00:00","dateModified":"2025-07-22T07:12:39+00:00","breadcrumb":{"@id":"https:\/\/blossom.it\/it\/privacy-policy\/#breadcrumb"},"inLanguage":"it-IT","potentialAction":[{"@type":"ReadAction","target":["https:\/\/blossom.it\/it\/privacy-policy\/"]}]},{"@type":"BreadcrumbList","@id":"https:\/\/blossom.it\/it\/privacy-policy\/#breadcrumb","itemListElement":[{"@type":"ListItem","position":1,"name":"Home","item":"https:\/\/blossom.it\/it\/"},{"@type":"ListItem","position":2,"name":"Privacy Policy"}]},{"@type":"WebSite","@id":"https:\/\/blossom.it\/#website","url":"https:\/\/blossom.it\/","name":"Blossom","description":"We Fight For Beauty","publisher":{"@id":"https:\/\/blossom.it\/#organization"},"potentialAction":[{"@type":"SearchAction","target":{"@type":"EntryPoint","urlTemplate":"https:\/\/blossom.it\/?s={search_term_string}"},"query-input":"required name=search_term_string"}],"inLanguage":"it-IT"},{"@type":"Organization","@id":"https:\/\/blossom.it\/#organization","name":"Blossom","url":"https:\/\/blossom.it\/","logo":{"@type":"ImageObject","inLanguage":"it-IT","@id":"https:\/\/blossom.it\/#\/schema\/logo\/image\/","url":"https:\/\/blossom.it\/wp-content\/uploads\/2024\/10\/Blossom-TP-Corporate-Presentation\u2013LOCALE.001.jpeg","contentUrl":"https:\/\/blossom.it\/wp-content\/uploads\/2024\/10\/Blossom-TP-Corporate-Presentation\u2013LOCALE.001.jpeg","width":1920,"height":1080,"caption":"Blossom"},"image":{"@id":"https:\/\/blossom.it\/#\/schema\/logo\/image\/"}}]}},"_links":{"self":[{"href":"https:\/\/blossom.it\/it\/wp-json\/wp\/v2\/pages\/18413","targetHints":{"allow":["GET"]}}],"collection":[{"href":"https:\/\/blossom.it\/it\/wp-json\/wp\/v2\/pages"}],"about":[{"href":"https:\/\/blossom.it\/it\/wp-json\/wp\/v2\/types\/page"}],"author":[{"embeddable":true,"href":"https:\/\/blossom.it\/it\/wp-json\/wp\/v2\/users\/1"}],"replies":[{"embeddable":true,"href":"https:\/\/blossom.it\/it\/wp-json\/wp\/v2\/comments?post=18413"}],"version-history":[{"count":14,"href":"https:\/\/blossom.it\/it\/wp-json\/wp\/v2\/pages\/18413\/revisions"}],"predecessor-version":[{"id":26558,"href":"https:\/\/blossom.it\/it\/wp-json\/wp\/v2\/pages\/18413\/revisions\/26558"}],"wp:attachment":[{"href":"https:\/\/blossom.it\/it\/wp-json\/wp\/v2\/media?parent=18413"}],"wp:term":[{"taxonomy":"sector","embeddable":true,"href":"https:\/\/blossom.it\/it\/wp-json\/wp\/v2\/sector?post=18413"},{"taxonomy":"client","embeddable":true,"href":"https:\/\/blossom.it\/it\/wp-json\/wp\/v2\/client?post=18413"},{"taxonomy":"type_of_work","embeddable":true,"href":"https:\/\/blossom.it\/it\/wp-json\/wp\/v2\/type_of_work?post=18413"}],"curies":[{"name":"wp","href":"https:\/\/api.w.org\/{rel}","templated":true}]}}